{"id":11120,"date":"2024-12-18T17:11:41","date_gmt":"2024-12-18T17:11:41","guid":{"rendered":"https:\/\/wp.fcll04.de\/?page_id=11120"},"modified":"2026-03-22T12:50:31","modified_gmt":"2026-03-22T12:50:31","slug":"schutzkonzept-2","status":"publish","type":"page","link":"https:\/\/wp.fcll04.de\/?page_id=11120","title":{"rendered":"Schutzkonzept"},"content":{"rendered":"\n<p>Der 1. FC Lauchhau-Lauch\u00e4cker 04 e.V. setzt sich daf\u00fcr ein, ein sicheres Umfeld f\u00fcr Kinder und Jugendliche zu schaffen, in dem sie gesch\u00fctzt, gef\u00f6rdert und respektiert werden.<\/p>\n<p>Zu diesem Zweck haben wir ein <span style=\"text-decoration: underline;\"><a href=\"https:\/\/wp.fcll04.de\/wp-content\/uploads\/2024\/12\/Schutzkonzept.pdf\" target=\"_blank\" rel=\"noopener\">Schutzkonzept<\/a><\/span> erarbeitet, das hier eingesehen werden kann.<\/p>\n<p>Alle im Verein t\u00e4tigen Personen ab 17 Jahren unterzeichnen eine <span style=\"text-decoration: underline;\"><a href=\"https:\/\/wp.fcll04.de\/wp-content\/uploads\/2024\/12\/Selbstverpflichtungserklaerung.pdf\" target=\"_blank\" rel=\"noopener\">Selbstverpflichtungserkl\u00e4rung<\/a><\/span>, die allen Mitgliedern hier zur Information zur Verf\u00fcgung steht.<\/p>\n<p>Als Ansprechpartnerin zu allen Fragen rund um das Thema steht derzeit folgende Vertrauensperson zur Verf\u00fcgung, an die sich sowohl Kinder als auch Eltern bei Problemen wenden k\u00f6nnen:<\/p>\n<p><strong>Anne Seeger<\/strong>, E-Mail: <a href=\"mailto:a.seeger@fcll04.de\">a.seeger@fcll04.de<\/a><\/p>\n<p>Wir w\u00fcrden uns sehr freuen, wenn sich weitere Mitglieder \u2013 idealerweise auch eine m\u00e4nnliche Person \u2013 als Vertrauenspersonen zur Verf\u00fcgung stellen w\u00fcrden. Meldungen gerne an Anne Seeger.<\/p>\n<p>F\u00fcr alle im Verein aktiven Personen, die ein erweitertes polizeiliches F\u00fchrungszeugnis vorlegen m\u00f6chten, haben wir eine <span style=\"text-decoration: underline;\"><a href=\"https:\/\/wp.fcll04.de\/wp-content\/uploads\/2024\/12\/Erweitertes_Fuehrungszeugnis_Anleitung_Online-Beantragung.pdf\" target=\"_blank\" rel=\"noopener\">Anleitung<\/a><\/span> bereitgestellt. Bitte meldet euch vorher mit Vorname, Name, Geburtsdatum und Funktion im Verein (Trainer*in Team XY, Betreuer*in\u2026) unter <a href=\"mailto:info@fcll04.de\">info@fcll04.de<\/a>. Ihr erhaltet dann eine Best\u00e4tigung, die ihr f\u00fcr die Beantragung des kostenlosen F\u00fchrungszeugnisses ben\u00f6tigt. Das Dokument wird von uns eingesehen und das Vorliegen <span style=\"text-decoration: underline;\"><a href=\"https:\/\/wp.fcll04.de\/wp-content\/uploads\/2024\/12\/Erweitertes_Fuehrungszeugnis_Dokumentationsblatt.pdf\" target=\"_blank\" rel=\"noopener\">dokumentiert<\/a><\/span>. Das Original verbleibt bei der t\u00e4tigen Person.<\/p>\n","protected":false},"excerpt":{"rendered":"<p>Der 1. FC Lauchhau-Lauch\u00e4cker 04 e.V. setzt sich daf\u00fcr ein, ein sicheres Umfeld f\u00fcr Kinder und Jugendliche zu schaffen, in dem sie gesch\u00fctzt, gef\u00f6rdert und respektiert werden. Zu diesem Zweck haben wir ein Schutzkonzept erarbeitet, das hier eingesehen werden kann. Alle im Verein t\u00e4tigen Personen ab 17 Jahren unterzeichnen eine Selbstverpflichtungserkl\u00e4rung, die allen Mitgliedern hier &#8230; <a title=\"Schutzkonzept\" class=\"read-more\" href=\"https:\/\/wp.fcll04.de\/?page_id=11120\" aria-label=\"Mehr Informationen \u00fcber Schutzkonzept\">Weiterlesen<\/a><\/p>\n","protected":false},"author":1,"featured_media":0,"parent":0,"menu_order":0,"comment_status":"closed","ping_status":"closed","template":"","meta":{"footnotes":""},"class_list":["post-11120","page","type-page","status-publish"],"_links":{"self":[{"href":"https:\/\/wp.fcll04.de\/index.php?rest_route=\/wp\/v2\/pages\/11120","targetHints":{"allow":["GET"]}}],"collection":[{"href":"https:\/\/wp.fcll04.de\/index.php?rest_route=\/wp\/v2\/pages"}],"about":[{"href":"https:\/\/wp.fcll04.de\/index.php?rest_route=\/wp\/v2\/types\/page"}],"author":[{"embeddable":true,"href":"https:\/\/wp.fcll04.de\/index.php?rest_route=\/wp\/v2\/users\/1"}],"replies":[{"embeddable":true,"href":"https:\/\/wp.fcll04.de\/index.php?rest_route=%2Fwp%2Fv2%2Fcomments&post=11120"}],"version-history":[{"count":6,"href":"https:\/\/wp.fcll04.de\/index.php?rest_route=\/wp\/v2\/pages\/11120\/revisions"}],"predecessor-version":[{"id":11693,"href":"https:\/\/wp.fcll04.de\/index.php?rest_route=\/wp\/v2\/pages\/11120\/revisions\/11693"}],"wp:attachment":[{"href":"https:\/\/wp.fcll04.de\/index.php?rest_route=%2Fwp%2Fv2%2Fmedia&parent=11120"}],"curies":[{"name":"wp","href":"https:\/\/api.w.org\/{rel}","templated":true}]}}