{"id":2478,"date":"2016-07-10T14:05:43","date_gmt":"2016-07-10T14:05:43","guid":{"rendered":"http:\/\/wp.fcll04.de\/?page_id=2478"},"modified":"2025-10-09T07:04:28","modified_gmt":"2025-10-09T07:04:28","slug":"speedminton","status":"publish","type":"page","link":"https:\/\/wp.fcll04.de\/?page_id=2478","title":{"rendered":"Crossminton"},"content":{"rendered":"<p>Ja, in unserem Verein wird auch Crossminton, besser bekannt als Speedminton gespielt.<\/p>\n<p>Wir sind eine Gruppe von 8-12 Freizeit- und Funspielern die sich seit 5 Jahren regelm\u00e4\u00dfig Sonntags auf dem Kleinspielfeld trifft. Wenn uns der Wind keinen Strich durch die Rechnung macht, haben wir dort beste Bedingungen, da wir auch regelkonform gekennzeichnete Spielfelder haben.<\/p>\n<p>Seit November 2021 haben wir au\u00dferhalb der Schulferien zus\u00e4tzlich die M\u00f6glichkeit, die Sporthalle der Schlo\u00df-Realschlule in Stuttgart Mitte Sonntags von 15 bis 17 Uhr zu nutzen. Die Halle ist gro\u00df genug um 2 Spielfelder aufzubauen. Da das Spiel in der Halle schneller, pr\u00e4ziser und intensiver ist, sind Spielpausen, w\u00e4hrend andere spielen, gar nicht unwillkommen.<\/p>\n<p>Unser Interesse ist nicht, an einem geregelten Ligabetrieb teilzunehmen oder aus dem ganzen eine bierernste und leistungsorientierte Veranstaltung zu machen. Wir haben unterschiedlichste Spielniveaus und passen uns dem Gegner an. Das Wichtigste ist, dass wir sch\u00f6ne Spiele und jede Menge Spa\u00df haben.<a href=\"http:\/\/wp.fcll04.de\/wp-content\/uploads\/2018\/06\/Datei_Speed-Badminton-Feld.png\"><img loading=\"lazy\" decoding=\"async\" class=\"alignnone size-medium wp-image-6219\" src=\"http:\/\/wp.fcll04.de\/wp-content\/uploads\/2018\/06\/Datei_Speed-Badminton-Feld.png\" alt=\"\" width=\"1\" height=\"1\" \/><\/a><\/p>\n<p>Wer \u00fcber 18 ist, Speedminton mal ausprobieren m\u00f6chte oder schon wei\u00df, dass er diesen Sport liebt, kann jederzeit gerne zu einem Probe-Training kommen.<\/p>\n<p>F\u00fcr eine regelm\u00e4\u00dfige Teilnahme ist eine Vereinsmitgliedschaft notwendig, wobei wir f\u00fcr die Speedminton-Abteilung ab 2022 einen reduzierten Vereinsbeitrag anbieten werden, der andere Aktivit\u00e4ten im Verein nicht beinhaltet.<\/p>\n<p>Wir treffen uns in der Sommersaison jeden Sonntag von 11-13 Uhr auf dem Kleinspielfeld, das zum Sportgel\u00e4nde Vaihingen-West, Hauptstra\u00dfe 170 geh\u00f6rt. Im Winter spielen wir von 15-17 Uhr in der Sporthalle der Schlo\u00df-Realschule f\u00fcr M\u00e4dchen. Manchmal machen wir auch beides an einem Sonntag.<\/p>\n<p>Kontakt k\u00f6nnt Ihr aber auch unter folgender E-Mail-Adresse mit uns aufnehmen:<\/p>\n<p><a href=\"mailto:speedminton@fcll04.de\"> \u27a1 speedminton@fcll04.de<\/a><\/p>\n<p>Simon Truckenm\u00fcller<\/p>\n<p>PS: Wer es noch genau wissen will, kann sich die offiziellen Regeln, nach denen wir auch spielen, <a href=\"http:\/\/crossminton.de\/download\/SpielregelnCrossminton.pdf\">hier herunterladen \u27a1 <\/a><\/p>\n<hr \/>\n<h2><span style=\"color: #ff6600;\"><strong>Aktuelles<\/strong><\/span><\/h2>\n<p>09.10.2025<\/p>\n<p>Die Wintersaison beginnt und wir spielen nach Absprache \u00fcber unsere WhatsApp Gruppe auch wieder in der Halle. Sonntags zwischen 14 und 17 Uhr.<\/p>\n<p>22.11.21<\/p>\n<p>Ab sofort spielen wir au\u00dferhalb der Ferienzeit Sonntags von 15-17 Uhr in der Sporthalle der Schlo\u00df-Realschule f\u00fcr M\u00e4dchen. Das ist ein v\u00f6llig anderes Spiel als im Freien, da wesentlich intensiver aber auch pr\u00e4ziser. Macht m\u00e4chtig Spa\u00df.<\/p>\n<p>10.11.21<\/p>\n<p>Auf Grund der Spielpl\u00e4ne unserer Fussball-Mannschaften, k\u00f6nnen wir Sonntags in der Regel nur noch von 11-12 auf dem Kleinspielfeld trainieren. H\u00e4ufig geht es doch etwas l\u00e4nger und au\u00dferhalb der regul\u00e4ren Spielbetriebes k\u00f6nnen wir auch wieder deutlich l\u00e4nger spielen. Aber wir sind im Moment an einer Hallen-L\u00f6sung dran. Bitte informiert Euch vorab \u00fcber unsere Whatsapp-Gruppe oder wendet Euch an <a href=\"mailto:speedminton@fcll04.de\">\u27a1 speedminton@fcll04.de<\/a><\/p>\n<p>07.07.18<\/p>\n<p>Wir verlegen unseren Trainingstermin noch einmal und spielen ab sofort Sonntags von 11-13 Uhr auf dem Kleinspielfeld.<\/p>\n","protected":false},"excerpt":{"rendered":"<p>Ja, in unserem Verein wird auch Crossminton, besser bekannt als Speedminton gespielt. Wir sind eine Gruppe von 8-12 Freizeit- und Funspielern die sich seit 5 Jahren regelm\u00e4\u00dfig Sonntags auf dem Kleinspielfeld trifft. Wenn uns der Wind keinen Strich durch die Rechnung macht, haben wir dort beste Bedingungen, da wir auch regelkonform gekennzeichnete Spielfelder haben. Seit &#8230; <a title=\"Crossminton\" class=\"read-more\" href=\"https:\/\/wp.fcll04.de\/?page_id=2478\" aria-label=\"Mehr Informationen \u00fcber Crossminton\">Weiterlesen<\/a><\/p>\n","protected":false},"author":25,"featured_media":4877,"parent":0,"menu_order":0,"comment_status":"open","ping_status":"open","template":"","meta":{"footnotes":""},"class_list":["post-2478","page","type-page","status-publish","has-post-thumbnail"],"_links":{"self":[{"href":"https:\/\/wp.fcll04.de\/index.php?rest_route=\/wp\/v2\/pages\/2478","targetHints":{"allow":["GET"]}}],"collection":[{"href":"https:\/\/wp.fcll04.de\/index.php?rest_route=\/wp\/v2\/pages"}],"about":[{"href":"https:\/\/wp.fcll04.de\/index.php?rest_route=\/wp\/v2\/types\/page"}],"author":[{"embeddable":true,"href":"https:\/\/wp.fcll04.de\/index.php?rest_route=\/wp\/v2\/users\/25"}],"replies":[{"embeddable":true,"href":"https:\/\/wp.fcll04.de\/index.php?rest_route=%2Fwp%2Fv2%2Fcomments&post=2478"}],"version-history":[{"count":16,"href":"https:\/\/wp.fcll04.de\/index.php?rest_route=\/wp\/v2\/pages\/2478\/revisions"}],"predecessor-version":[{"id":11508,"href":"https:\/\/wp.fcll04.de\/index.php?rest_route=\/wp\/v2\/pages\/2478\/revisions\/11508"}],"wp:featuredmedia":[{"embeddable":true,"href":"https:\/\/wp.fcll04.de\/index.php?rest_route=\/wp\/v2\/media\/4877"}],"wp:attachment":[{"href":"https:\/\/wp.fcll04.de\/index.php?rest_route=%2Fwp%2Fv2%2Fmedia&parent=2478"}],"curies":[{"name":"wp","href":"https:\/\/api.w.org\/{rel}","templated":true}]}}