{"id":275,"date":"2015-09-10T12:59:32","date_gmt":"2015-09-10T12:59:32","guid":{"rendered":"http:\/\/wp.fcll04.de\/?page_id=275"},"modified":"2026-03-22T12:42:13","modified_gmt":"2026-03-22T12:42:13","slug":"formalesdownloads","status":"publish","type":"page","link":"https:\/\/wp.fcll04.de\/?page_id=275","title":{"rendered":"Verein"},"content":{"rendered":"\n<p>Der im Jahre 2004 gegr\u00fcndete 1. FC Lauchhau-Lauch\u00e4cker 04&nbsp; befindet sich im Westen Stuttgart-Vaihingens auf dem Sportgel\u00e4nde Vaihingen-West.<\/p>\n\n\n\n<p>Neben vielen Jugend und Aktiven Mannschaften sowohl im Herren- als auch im Damenbereich, bietet der Verein Beach-Volleyball, Speedminton und andere freie Sportangebote an.<\/p>\n\n\n\n<p>Auf den Folgeseiten findet Ihr weitere Infos und Dokumente rund um den Verein.<\/p>\n\n\n\n<p><a href=\"https:\/\/wp.fcll04.de\/?page_id=11120\" data-type=\"page\" data-id=\"11120\">Schutzkonzept<\/a><\/p>\n\n\n\n<p><a href=\"https:\/\/wp.fcll04.de\/?page_id=11625\" data-type=\"page\" data-id=\"11625\">Vereinssatzung<\/a><\/p>\n\n\n\n<p><a href=\"https:\/\/wp.fcll04.de\/?page_id=632\" data-type=\"page\" data-id=\"632\">Mitgliedsantrag\/Sonstige Downloads<\/a><\/p>\n\n\n\n<p><a href=\"https:\/\/wp.fcll04.de\/?page_id=626\" data-type=\"page\" data-id=\"626\">Vorstand (alphabetisch)<\/a><\/p>\n\n\n\n<p><a href=\"https:\/\/wp.fcll04.de\/?page_id=642\" data-type=\"page\" data-id=\"642\">Jugendleitung<\/a><\/p>\n\n\n\n<p><a href=\"https:\/\/wp.fcll04.de\/?page_id=635\" data-type=\"page\" data-id=\"635\">Anfahrt<\/a><\/p>\n\n\n\n<p><a href=\"https:\/\/wp.fcll04.de\/?page_id=549\" data-type=\"page\" data-id=\"549\">Sponsoring<\/a><\/p>\n\n\n\n<p><a href=\"https:\/\/wp.fcll04.de\/?page_id=581\" data-type=\"page\" data-id=\"581\">Impressum\/Kontakt\/Datenschutz<\/a><\/p>\n\n\n\n<p><\/p>\n\n\n\n<p><\/p>\n\n\n\n<p><\/p>\n\n\n\n<p><\/p>\n\n\n\n<p><\/p>\n\n\n\n<p><\/p>\n\n\n\n<p><\/p>\n\n\n\n<p>&nbsp;<\/p>\n","protected":false},"excerpt":{"rendered":"<p>Der im Jahre 2004 gegr\u00fcndete 1. FC Lauchhau-Lauch\u00e4cker 04&nbsp; befindet sich im Westen Stuttgart-Vaihingens auf dem Sportgel\u00e4nde Vaihingen-West. Neben vielen Jugend und Aktiven Mannschaften sowohl im Herren- als auch im Damenbereich, bietet der Verein Beach-Volleyball, Speedminton und andere freie Sportangebote an. Auf den Folgeseiten findet Ihr weitere Infos und Dokumente rund um den Verein. Schutzkonzept &#8230; <a title=\"Verein\" class=\"read-more\" href=\"https:\/\/wp.fcll04.de\/?page_id=275\" aria-label=\"Mehr Informationen \u00fcber Verein\">Weiterlesen<\/a><\/p>\n","protected":false},"author":1,"featured_media":6509,"parent":0,"menu_order":0,"comment_status":"closed","ping_status":"closed","template":"","meta":{"footnotes":""},"class_list":["post-275","page","type-page","status-publish","has-post-thumbnail"],"_links":{"self":[{"href":"https:\/\/wp.fcll04.de\/index.php?rest_route=\/wp\/v2\/pages\/275","targetHints":{"allow":["GET"]}}],"collection":[{"href":"https:\/\/wp.fcll04.de\/index.php?rest_route=\/wp\/v2\/pages"}],"about":[{"href":"https:\/\/wp.fcll04.de\/index.php?rest_route=\/wp\/v2\/types\/page"}],"author":[{"embeddable":true,"href":"https:\/\/wp.fcll04.de\/index.php?rest_route=\/wp\/v2\/users\/1"}],"replies":[{"embeddable":true,"href":"https:\/\/wp.fcll04.de\/index.php?rest_route=%2Fwp%2Fv2%2Fcomments&post=275"}],"version-history":[{"count":7,"href":"https:\/\/wp.fcll04.de\/index.php?rest_route=\/wp\/v2\/pages\/275\/revisions"}],"predecessor-version":[{"id":11687,"href":"https:\/\/wp.fcll04.de\/index.php?rest_route=\/wp\/v2\/pages\/275\/revisions\/11687"}],"wp:featuredmedia":[{"embeddable":true,"href":"https:\/\/wp.fcll04.de\/index.php?rest_route=\/wp\/v2\/media\/6509"}],"wp:attachment":[{"href":"https:\/\/wp.fcll04.de\/index.php?rest_route=%2Fwp%2Fv2%2Fmedia&parent=275"}],"curies":[{"name":"wp","href":"https:\/\/api.w.org\/{rel}","templated":true}]}}