{"id":297,"date":"2015-09-10T18:55:25","date_gmt":"2015-09-10T18:55:25","guid":{"rendered":"http:\/\/wp.fcll04.de\/?page_id=297"},"modified":"2024-09-25T13:47:04","modified_gmt":"2024-09-25T13:47:04","slug":"portrait-e-juniorinnen","status":"publish","type":"page","link":"https:\/\/wp.fcll04.de\/?page_id=297","title":{"rendered":"Portrait E-Juniorinnen"},"content":{"rendered":"<p><strong>E- M\u00e4dchen,\u00a0 Jg. 2014\/15 und j\u00fcnger<br \/>\n<\/strong><\/p>\n<p>Trainingszeiten:<br \/>\nDienstag &amp; Donnerstag 16:30 bis 18:00<\/p>\n<p><strong>Wer? Was? Warum?<\/strong><br \/>\nDa es bei den Juniorinnen keine G- und F-Jugenden gibt, ist unsere E-Jugend eine Art &#8222;Sammelbecken&#8220; f\u00fcr M\u00e4dchen einer j\u00fcngeren, breiten Altersspanne, die einfach Lust haben Fu\u00dfball zu spielen. Wir versuchen die jungen Spielerinnen, unabh\u00e4ngig vom Leistungsverm\u00f6gen, individuell zu f\u00f6rdern und ihnen ein Fu\u00dfball-Grundverst\u00e4ndnis zu vermitteln. Erfolg im Sinne von &#8222;Spiele gewinnen&#8220; steht nicht im Vordergrund, denn das kommt in den sp\u00e4teren Jugenden fast zwangsl\u00e4ufig dazu.<\/p>\n<p><strong>Im Vordergrund steht der Spa\u00df an der Bewegung im Team&#8230;<\/strong><\/p>\n<p><strong>Trainer:<\/strong><\/p>\n<p>Mickael Segret<br \/>\nMail: <a href=\"mailto:mickael.segret@fcll04.de\" target=\"_blank\" rel=\"noopener\">mickael.segret@fcll04.de<\/a><\/p>\n<p>Peter Bloch<\/p>\n","protected":false},"excerpt":{"rendered":"<p>E- M\u00e4dchen,\u00a0 Jg. 2014\/15 und j\u00fcnger Trainingszeiten: Dienstag &amp; Donnerstag 16:30 bis 18:00 Wer? Was? Warum? Da es bei den Juniorinnen keine G- und F-Jugenden gibt, ist unsere E-Jugend eine Art &#8222;Sammelbecken&#8220; f\u00fcr M\u00e4dchen einer j\u00fcngeren, breiten Altersspanne, die einfach Lust haben Fu\u00dfball zu spielen. Wir versuchen die jungen Spielerinnen, unabh\u00e4ngig vom Leistungsverm\u00f6gen, individuell zu &#8230; <a title=\"Portrait E-Juniorinnen\" class=\"read-more\" href=\"https:\/\/wp.fcll04.de\/?page_id=297\" aria-label=\"Mehr Informationen \u00fcber Portrait E-Juniorinnen\">Weiterlesen<\/a><\/p>\n","protected":false},"author":1,"featured_media":5366,"parent":0,"menu_order":0,"comment_status":"closed","ping_status":"closed","template":"","meta":{"footnotes":""},"class_list":["post-297","page","type-page","status-publish","has-post-thumbnail"],"_links":{"self":[{"href":"https:\/\/wp.fcll04.de\/index.php?rest_route=\/wp\/v2\/pages\/297","targetHints":{"allow":["GET"]}}],"collection":[{"href":"https:\/\/wp.fcll04.de\/index.php?rest_route=\/wp\/v2\/pages"}],"about":[{"href":"https:\/\/wp.fcll04.de\/index.php?rest_route=\/wp\/v2\/types\/page"}],"author":[{"embeddable":true,"href":"https:\/\/wp.fcll04.de\/index.php?rest_route=\/wp\/v2\/users\/1"}],"replies":[{"embeddable":true,"href":"https:\/\/wp.fcll04.de\/index.php?rest_route=%2Fwp%2Fv2%2Fcomments&post=297"}],"version-history":[{"count":76,"href":"https:\/\/wp.fcll04.de\/index.php?rest_route=\/wp\/v2\/pages\/297\/revisions"}],"predecessor-version":[{"id":11011,"href":"https:\/\/wp.fcll04.de\/index.php?rest_route=\/wp\/v2\/pages\/297\/revisions\/11011"}],"wp:featuredmedia":[{"embeddable":true,"href":"https:\/\/wp.fcll04.de\/index.php?rest_route=\/wp\/v2\/media\/5366"}],"wp:attachment":[{"href":"https:\/\/wp.fcll04.de\/index.php?rest_route=%2Fwp%2Fv2%2Fmedia&parent=297"}],"curies":[{"name":"wp","href":"https:\/\/api.w.org\/{rel}","templated":true}]}}