{"id":378,"date":"2015-09-11T16:09:46","date_gmt":"2015-09-11T16:09:46","guid":{"rendered":"http:\/\/wp.fcll04.de\/?page_id=378"},"modified":"2025-11-04T16:13:07","modified_gmt":"2025-11-04T16:13:07","slug":"portrait-d-juniorinnen","status":"publish","type":"page","link":"https:\/\/wp.fcll04.de\/?page_id=378","title":{"rendered":"Portrait D-Juniorinnen"},"content":{"rendered":"<p><strong>D-Juniorinnen, Jg. 2013 &amp; 2014<\/strong><\/p>\n<p>Trainingszeiten:<br \/>\nMontag, 18.00 &#8211; 19:30\u00a0 Uhr<br \/>\nDonnerstag, 16.30 &#8211; 18.00\u00a0 Uhr<\/p>\n<p>Bei den D-Juniorinnen bekommt der Fu\u00dfballspa\u00df unserer Erfahrung nach eine etwas &#8222;ernstere&#8220; Note als noch in der E-Jugend: Das Spiel wird durch Abseits und R\u00fcckpass-Regel nicht nur komplizierter, sondern auch schneller, k\u00f6rperlicher und taktisch anspruchsvoller. Dem versuchen wir gerecht zu werden, indem die Trainingsinhalte bei den erfahreneren Spielerinnen entsprechend komplexer werden. Zugleich kommen in der D-Jugend immer noch Anf\u00e4ngerinnen dazu, so dass (wann immer m\u00f6glich) in leistungs\u00e4hnlichen Kleingruppen trainiert wird. F\u00fcr die Saison 2020\/2021 werden wir ein D-Team melden.<\/p>\n<p><strong>Trainer:<\/strong><\/p>\n<p>Robin Bazazian<br \/>\nMail: <a href=\"mailto:robin.bazazian@fcll04.de\" target=\"_blank\" rel=\"noopener\">robin.bazazian@fcll04.de<\/a><\/p>\n","protected":false},"excerpt":{"rendered":"<p>D-Juniorinnen, Jg. 2013 &amp; 2014 Trainingszeiten: Montag, 18.00 &#8211; 19:30\u00a0 Uhr Donnerstag, 16.30 &#8211; 18.00\u00a0 Uhr Bei den D-Juniorinnen bekommt der Fu\u00dfballspa\u00df unserer Erfahrung nach eine etwas &#8222;ernstere&#8220; Note als noch in der E-Jugend: Das Spiel wird durch Abseits und R\u00fcckpass-Regel nicht nur komplizierter, sondern auch schneller, k\u00f6rperlicher und taktisch anspruchsvoller. Dem versuchen wir gerecht &#8230; <a title=\"Portrait D-Juniorinnen\" class=\"read-more\" href=\"https:\/\/wp.fcll04.de\/?page_id=378\" aria-label=\"Mehr Informationen \u00fcber Portrait D-Juniorinnen\">Weiterlesen<\/a><\/p>\n","protected":false},"author":1,"featured_media":5367,"parent":0,"menu_order":0,"comment_status":"closed","ping_status":"closed","template":"","meta":{"footnotes":""},"class_list":["post-378","page","type-page","status-publish","has-post-thumbnail"],"_links":{"self":[{"href":"https:\/\/wp.fcll04.de\/index.php?rest_route=\/wp\/v2\/pages\/378","targetHints":{"allow":["GET"]}}],"collection":[{"href":"https:\/\/wp.fcll04.de\/index.php?rest_route=\/wp\/v2\/pages"}],"about":[{"href":"https:\/\/wp.fcll04.de\/index.php?rest_route=\/wp\/v2\/types\/page"}],"author":[{"embeddable":true,"href":"https:\/\/wp.fcll04.de\/index.php?rest_route=\/wp\/v2\/users\/1"}],"replies":[{"embeddable":true,"href":"https:\/\/wp.fcll04.de\/index.php?rest_route=%2Fwp%2Fv2%2Fcomments&post=378"}],"version-history":[{"count":49,"href":"https:\/\/wp.fcll04.de\/index.php?rest_route=\/wp\/v2\/pages\/378\/revisions"}],"predecessor-version":[{"id":11549,"href":"https:\/\/wp.fcll04.de\/index.php?rest_route=\/wp\/v2\/pages\/378\/revisions\/11549"}],"wp:featuredmedia":[{"embeddable":true,"href":"https:\/\/wp.fcll04.de\/index.php?rest_route=\/wp\/v2\/media\/5367"}],"wp:attachment":[{"href":"https:\/\/wp.fcll04.de\/index.php?rest_route=%2Fwp%2Fv2%2Fmedia&parent=378"}],"curies":[{"name":"wp","href":"https:\/\/api.w.org\/{rel}","templated":true}]}}