{"id":386,"date":"2015-09-11T16:13:35","date_gmt":"2015-09-11T16:13:35","guid":{"rendered":"http:\/\/wp.fcll04.de\/?page_id=386"},"modified":"2025-11-04T16:07:43","modified_gmt":"2025-11-04T16:07:43","slug":"portrait-c-juniorinnen","status":"publish","type":"page","link":"https:\/\/wp.fcll04.de\/?page_id=386","title":{"rendered":"Portrait C-Juniorinnen"},"content":{"rendered":"<p><strong>C-Juniorinnen, Jg. 2011 &amp; 2012<\/strong><\/p>\n<p>Trainingszeiten: Montag &amp; Mittwoch 18:00 bis 19:30<\/p>\n<p>Bei den C-M\u00e4dchen \u00e4ndert sich das Spiel grunds\u00e4tzlich: Das Spielfeld, die Gr\u00f6\u00dfe des Tores und die Anzahl der Spielerinnen w\u00e4chst und der Ball wird schwerer. War vorher alles ein bisschen &#8222;kleinklein&#8220; mit eher kurzen P\u00e4ssen und kurzen Sprints, kommt jetzt der Geschwindigkeit, der Dynamik und auch der Athletik eine gr\u00f6\u00dfere Bedeutung zu. Entsprechend mehr Gewicht im Training erhalten die Themen Ausdauer, Kraft und Geschwindigkeit. Da das alles auch mit Ball ge\u00fcbt werden kann, wird der Spa\u00df trotzdem nicht auf der Strecke bleiben.<\/p>\n<p><strong>Trainer:<\/strong><\/p>\n<p>Mickael Segret<br \/>\nMail: <a href=\"mailto:mickel.segret@fcll04.de\" target=\"_blank\" rel=\"noopener\">mickael.segret@fcll04.de<\/a><\/p>\n<p>Peter Bloch<br \/>\nMail: <a href=\"mailto:peter.bloch@fcll04.de\" target=\"_blank\" rel=\"noopener\">peter.bloch@fcll04.de<\/a><\/p>\n","protected":false},"excerpt":{"rendered":"<p>C-Juniorinnen, Jg. 2011 &amp; 2012 Trainingszeiten: Montag &amp; Mittwoch 18:00 bis 19:30 Bei den C-M\u00e4dchen \u00e4ndert sich das Spiel grunds\u00e4tzlich: Das Spielfeld, die Gr\u00f6\u00dfe des Tores und die Anzahl der Spielerinnen w\u00e4chst und der Ball wird schwerer. War vorher alles ein bisschen &#8222;kleinklein&#8220; mit eher kurzen P\u00e4ssen und kurzen Sprints, kommt jetzt der Geschwindigkeit, der &#8230; <a title=\"Portrait C-Juniorinnen\" class=\"read-more\" href=\"https:\/\/wp.fcll04.de\/?page_id=386\" aria-label=\"Mehr Informationen \u00fcber Portrait C-Juniorinnen\">Weiterlesen<\/a><\/p>\n","protected":false},"author":1,"featured_media":6779,"parent":0,"menu_order":0,"comment_status":"closed","ping_status":"closed","template":"","meta":{"footnotes":""},"class_list":["post-386","page","type-page","status-publish","has-post-thumbnail"],"_links":{"self":[{"href":"https:\/\/wp.fcll04.de\/index.php?rest_route=\/wp\/v2\/pages\/386","targetHints":{"allow":["GET"]}}],"collection":[{"href":"https:\/\/wp.fcll04.de\/index.php?rest_route=\/wp\/v2\/pages"}],"about":[{"href":"https:\/\/wp.fcll04.de\/index.php?rest_route=\/wp\/v2\/types\/page"}],"author":[{"embeddable":true,"href":"https:\/\/wp.fcll04.de\/index.php?rest_route=\/wp\/v2\/users\/1"}],"replies":[{"embeddable":true,"href":"https:\/\/wp.fcll04.de\/index.php?rest_route=%2Fwp%2Fv2%2Fcomments&post=386"}],"version-history":[{"count":33,"href":"https:\/\/wp.fcll04.de\/index.php?rest_route=\/wp\/v2\/pages\/386\/revisions"}],"predecessor-version":[{"id":11547,"href":"https:\/\/wp.fcll04.de\/index.php?rest_route=\/wp\/v2\/pages\/386\/revisions\/11547"}],"wp:featuredmedia":[{"embeddable":true,"href":"https:\/\/wp.fcll04.de\/index.php?rest_route=\/wp\/v2\/media\/6779"}],"wp:attachment":[{"href":"https:\/\/wp.fcll04.de\/index.php?rest_route=%2Fwp%2Fv2%2Fmedia&parent=386"}],"curies":[{"name":"wp","href":"https:\/\/api.w.org\/{rel}","templated":true}]}}