{"id":571,"date":"2015-09-12T19:52:51","date_gmt":"2015-09-12T19:52:51","guid":{"rendered":"http:\/\/wp.fcll04.de\/?page_id=571"},"modified":"2021-07-13T15:34:12","modified_gmt":"2021-07-13T15:34:12","slug":"beachvolleyball","status":"publish","type":"page","link":"https:\/\/wp.fcll04.de\/?page_id=571","title":{"rendered":"Beachvolleyball"},"content":{"rendered":"<p><a href=\"http:\/\/wp.fcll04.de\/wp-content\/uploads\/2015\/09\/Beachvoba2.jpg\"><img loading=\"lazy\" decoding=\"async\" class=\"alignnone wp-image-572 size-full\" src=\"http:\/\/wp.fcll04.de\/wp-content\/uploads\/2015\/09\/Beachvoba2.jpg\" alt=\"Beachvoba2\" width=\"800\" height=\"586\" srcset=\"https:\/\/wp.fcll04.de\/wp-content\/uploads\/2015\/09\/Beachvoba2.jpg 800w, https:\/\/wp.fcll04.de\/wp-content\/uploads\/2015\/09\/Beachvoba2-300x220.jpg 300w, https:\/\/wp.fcll04.de\/wp-content\/uploads\/2015\/09\/Beachvoba2-410x300.jpg 410w\" sizes=\"auto, (max-width: 800px) 100vw, 800px\" \/><\/a><\/p>\n<p><strong>Auch die sch\u00f6nste Sportart der Welt ist im Lauchhau vertreten!<\/strong><\/p>\n<p>Wir haben 2 Beachfelder und spielen Dienstags, und Donnerstag bis Sonntag fast das ganze Jahr durch, soweit es Wetter und Lichtverh\u00e4ltnisse zulassen. Wir sind eine durchmischte Gruppe und uns ist es sehr daran gelegen, dass jeder Spa\u00df hat und weiterkommt, egal welches Leistungsniveau. Turniere, Training und Mini Camps sind f\u00fcr das Jahr 2022 geplant und wir sind immer offen f\u00fcr neue Ideen und motivierte Leute!<\/p>\n<p>Die Organisation passiert sehr spontan \u00fcber WhatsApp, bei Interesse darfst du dich gerne bei Samuel melden (siehe Kontakt unten).<\/p>\n<p>Bis bald auf dem Beachfeld!<\/p>\n<p>Samuel K\u00e4ser<br \/>\nMobil: 0157 324 345 32<br \/>\nMail: <a href=\"mailto:Samuel.kaeser@gmx.de\">Samuel.kaeser@gmx.de<\/a><\/p>\n","protected":false},"excerpt":{"rendered":"<p>Auch die sch\u00f6nste Sportart der Welt ist im Lauchhau vertreten! Wir haben 2 Beachfelder und spielen Dienstags, und Donnerstag bis Sonntag fast das ganze Jahr durch, soweit es Wetter und Lichtverh\u00e4ltnisse zulassen. Wir sind eine durchmischte Gruppe und uns ist es sehr daran gelegen, dass jeder Spa\u00df hat und weiterkommt, egal welches Leistungsniveau. Turniere, Training &#8230; <a title=\"Beachvolleyball\" class=\"read-more\" href=\"https:\/\/wp.fcll04.de\/?page_id=571\" aria-label=\"Mehr Informationen \u00fcber Beachvolleyball\">Weiterlesen<\/a><\/p>\n","protected":false},"author":1,"featured_media":4880,"parent":0,"menu_order":0,"comment_status":"closed","ping_status":"closed","template":"","meta":{"footnotes":""},"class_list":["post-571","page","type-page","status-publish","has-post-thumbnail"],"_links":{"self":[{"href":"https:\/\/wp.fcll04.de\/index.php?rest_route=\/wp\/v2\/pages\/571","targetHints":{"allow":["GET"]}}],"collection":[{"href":"https:\/\/wp.fcll04.de\/index.php?rest_route=\/wp\/v2\/pages"}],"about":[{"href":"https:\/\/wp.fcll04.de\/index.php?rest_route=\/wp\/v2\/types\/page"}],"author":[{"embeddable":true,"href":"https:\/\/wp.fcll04.de\/index.php?rest_route=\/wp\/v2\/users\/1"}],"replies":[{"embeddable":true,"href":"https:\/\/wp.fcll04.de\/index.php?rest_route=%2Fwp%2Fv2%2Fcomments&post=571"}],"version-history":[{"count":15,"href":"https:\/\/wp.fcll04.de\/index.php?rest_route=\/wp\/v2\/pages\/571\/revisions"}],"predecessor-version":[{"id":11138,"href":"https:\/\/wp.fcll04.de\/index.php?rest_route=\/wp\/v2\/pages\/571\/revisions\/11138"}],"wp:featuredmedia":[{"embeddable":true,"href":"https:\/\/wp.fcll04.de\/index.php?rest_route=\/wp\/v2\/media\/4880"}],"wp:attachment":[{"href":"https:\/\/wp.fcll04.de\/index.php?rest_route=%2Fwp%2Fv2%2Fmedia&parent=571"}],"curies":[{"name":"wp","href":"https:\/\/api.w.org\/{rel}","templated":true}]}}