{"id":581,"date":"2015-09-12T20:10:56","date_gmt":"2015-09-12T20:10:56","guid":{"rendered":"http:\/\/wp.fcll04.de\/?page_id=581"},"modified":"2026-03-23T08:41:17","modified_gmt":"2026-03-23T08:41:17","slug":"impressum-2","status":"publish","type":"page","link":"https:\/\/wp.fcll04.de\/?page_id=581","title":{"rendered":"Impressum \/ Kontakt \/ Datenschutz"},"content":{"rendered":"<p><big>1. FC Lauchhau-Lauch\u00e4cker\u00a004 e.V.<br \/>\n<\/big>Hauptstra\u00dfe 170, 70563 Stuttgart-Vaihingen<br \/>\n<a href=\"mailto:info@fcll04.de\" target=\"_blank\" rel=\"noopener\">info@fcll04.de<\/a><\/p>\n<p>Bankverbindung:<br \/>\n1.FC Lauchhau-Lauchaecker 04<br \/>\nBW-Bank<br \/>\nKto.: 1006371<br \/>\nBLZ: 60050101<br \/>\nIBAN: DE68600501010001006371<br \/>\nBIC: SOLADEST600<\/p>\n<p>Alle Rechte an der Homepage liegen beim 1. FC LL 04.<br \/>\nF\u00fcr die Inhalte der Homepage sind die Webmaster verantwortlich<\/p>\n<p>E-mail an Webmaster:\u00a0 <a href=\"mailto:simon.truckenmueller@fcll04.de\">simon.truckenmueller@fcll04.de<\/a><\/p>\n<h3><strong>Kontakt und Ansprechpartner<\/strong><\/h3>\n<p><strong>Damen<\/strong><br \/>\nMichael Schegel<br \/>\nE-Mail: <a href=\"mailto:m.schlegel@fcll04.de\">m.schlegel@fcll04.de<\/a><\/p>\n<p><b>JuniorInnen<br \/>\n<\/b>Robin Bazazian<br \/>\nE-Mail: <a href=\"mailto:robin.bazazian@fcll04.de\">robin.bazazian@fcll04.de<\/a><\/p>\n<p><strong>Herren<\/strong><br \/>\nValon Dinaj<br \/>\nE-Mail: <a href=\"mailto:valondinaj@outlook.de\">valondinaj@outlook.de<\/a><\/p>\n<p><b>Junioren A+B<br \/>\n<\/b>Erwin Reich<br \/>\nE-Mail: <a href=\"mailto:erwin.reich@fcll04.de\">erwin.reich@fcll04.de<\/a><\/p>\n<p><b>Junioren C-G<br \/>\n<\/b>Oliver Freiheit<b><br \/>\n<\/b>E-Mail: <a href=\"mailto:oliver.freiheit@fcll04.de\">oliver.freiheit@fcll04.de<\/a><\/p>\n<p><b>AH (Alte Herren oder so)<br \/>\n<\/b>G\u00f6tz Kemner<br \/>\nE-Mail: <a href=\"mailto:g.kemner@fcll04.de\">g.kemner@fcll04.de<\/a><\/p>\n<p><strong>Beachvolleyball<\/strong><br \/>\nSamu K\u00e4ser<br \/>\nE-Mail: <a href=\"mailto:Samuel.kaeser@gmx.de\">Samuel.kaeser@gmx.de<\/a><\/p>\n<p><b>Speedminton<\/b><b>\/<\/b><b>Crossminton<br \/>\n<\/b>Simon Truckenm\u00fcller<b><br \/>\n<\/b>E-Mail: <a href=\"mailto:speedminton@fcll04.de\">speedminton@fcll04.de<\/a><\/p>\n<p><b>Vermietung Sportplatz<br \/>\nClaus Bogenrieder<br \/>\n<\/b>Tel.: 0170 &#8211; 76 92 345<\/p>\n<p><b>Vermietung Funktionsgeb\u00e4ude<br \/>\nSabine Class<br \/>\n<\/b>E-Mail: <a href=\"mailto:vermietung@fcll04.de\">vermietung@fcll04.de<\/a><\/p>\n<h3><strong>Haftungsausschluss f\u00fcr Informationen:<\/strong><\/h3>\n<p>Die Inhalte dieser Webseiten dienen lediglich allgemeinen Informationszwecken. Auch wenn alle Angaben auf Ihre Richtigkeit und Vollst\u00e4ndigkeit gepr\u00fcft wurden, k\u00f6nnen Sie trotzdem einmal Fehler oder Ungenauigkeiten enthalten. Der 1. FC Lauchhau-Lauch\u00e4cker 04 e.V. \u00fcbernimmt deshalb hinsichtlich der Richtigkeit, Vollst\u00e4ndigkeit und Aktualit\u00e4t ihrer Webseiten keine Haftung f\u00fcr Sch\u00e4den materieller oder ideeller Art, die durch die Nutzung fehlerhafter oder unvollst\u00e4ndiger Informationen innerhalb dieses Internetangebotes entstehen. Der 1. FC Lauchhau-Lauch\u00e4cker 04 e.V. beh\u00e4lt sich ausdr\u00fccklich vor, Teile der Seiten oder das gesamte Angebot ohne gesonderte Ank\u00fcndigung zu ver\u00e4ndern, zu erg\u00e4nzen, zu l\u00f6schen oder die Ver\u00f6ffentlichung zeitweise oder endg\u00fcltig einzustellen.<\/p>\n<h3><strong>Haftungsausschluss f\u00fcr Links:<\/strong><\/h3>\n<p>Der 1. FC Lauchhau-Lauch\u00e4cker 04 e .V. bem\u00fcht sich um eine Kontrolle der Inhalte derjenigen fremden Internetseiten, auf die im Rahmen ihres Internetangebotes direkt oder indirekt durch Links verwiesen wird. Eine Linksetzung erfolgt nur, wenn die angelinkte Seite zum Zeitpunkt der Linksetzung keine illegalen Inhalte enth\u00e4lt. Da die Ver\u00e4nderung dieser Inhalte au\u00dferhalb des Einflussbereiches des 1. FC Lauchhau-Lauch\u00e4cker 04 e. V. liegt, kann eine Haftung f\u00fcr nach der Linksetzung ver\u00e4nderte fremde Inhalte nicht \u00fcbernommen werden. Der 1. FC Lauchhau-Lauch\u00e4cker 04 e. V. erkl\u00e4rt deshalb ausdr\u00fccklich, dass er sich den Inhalt der angelinkten Seiten nicht zu eigen macht. F\u00fcr Sch\u00e4den, die aus der Nutzung dieser fremden Seiten entstehen, haftet alleine der Anbieter der Seite, auf welche verwiesen wurde.<\/p>\n<p>Simon Truckenm\u00fcller, Stuttgart, Oktober 2026<\/p>\n<div class=\"entry-content\">\n<h3><strong>Datenschutzerkl\u00e4rung<\/strong><\/h3>\n<p><strong>Datenschutz<\/strong><br \/>\nDie Betreiber dieser Seiten nehmen den Schutz Ihrer pers\u00f6nlichen Daten sehr ernst. Wir behandeln Ihre personenbezogenen Daten vertraulich und entsprechend der gesetzlichen Datenschutzvorschriften sowie dieser Datenschutzerkl\u00e4rung.<br \/>\nDie Nutzung unserer Webseite ist in der Regel ohne Angabe personenbezogener Daten m\u00f6glich. Soweit auf unseren Seiten personenbezogene Daten (beispielsweise Name, Anschrift oder E-Mail-Adressen) erhoben werden, erfolgt dies, soweit m\u00f6glich, stets auf freiwilliger Basis. Diese Daten werden ohne Ihre ausdr\u00fcckliche Zustimmung nicht an Dritte weitergegeben.<br \/>\nWir weisen darauf hin, dass die Daten\u00fcbertragung im Internet (z.B. bei der Kommunikation per E-Mail) Sicherheitsl\u00fccken aufweisen kann. Ein l\u00fcckenloser Schutz der Daten vor dem Zugriff durch Dritte ist nicht m\u00f6glich.<\/p>\n<p><strong>Auskunft, L\u00f6schung, Sperrung<\/strong><br \/>\nSie haben jederzeit das Recht auf unentgeltliche Auskunft \u00fcber Ihre gespeicherten personenbezogenen Daten, deren Herkunft und Empf\u00e4nger und den Zweck der Datenverarbeitung sowie ein Recht auf Berichtigung, Sperrung oder L\u00f6schung dieser Daten. Hierzu sowie zu weiteren Fragen zum Thema personenbezogene Daten k\u00f6nnen Sie sich jederzeit unter der im Impressum angegebenen Adresse an uns wenden.<\/p>\n<p><strong>Cookies<\/strong><br \/>\nDie Internetseiten verwenden teilweise so genannte Cookies. Cookies richten auf Ihrem Rechner keinen Schaden an und enthalten keine Viren. Cookies dienen dazu, unser Angebot nutzerfreundlicher, effektiver und sicherer zu machen. Cookies sind kleine Textdateien, die auf Ihrem Rechner abgelegt werden und die Ihr Browser speichert.<br \/>\nDie meisten der von uns verwendeten Cookies sind so genannte \u201eSession-Cookies\u201c. Sie werden nach Ende Ihres Besuchs automatisch gel\u00f6scht. Andere Cookies bleiben auf Ihrem Endger\u00e4t gespeichert, bis Sie diese l\u00f6schen. Diese Cookies erm\u00f6glichen es uns, Ihren Browser beim n\u00e4chsten Besuch wiederzuerkennen.<br \/>\nSie k\u00f6nnen Ihren Browser so einstellen, dass Sie \u00fcber das Setzen von Cookies informiert werden und Cookies nur im Einzelfall erlauben, die Annahme von Cookies f\u00fcr bestimmte F\u00e4lle oder generell ausschlie\u00dfen sowie das automatische L\u00f6schen der Cookies beim Schlie\u00dfen des Browser aktivieren. Bei der Deaktivierung von Cookies kann die Funktionalit\u00e4t dieser Website eingeschr\u00e4nkt sein.<\/p>\n<p><strong>Server-Log-Files<\/strong><br \/>\nDer Provider der Seiten erhebt und speichert automatisch Informationen in so genannten Server-Log Files, die Ihr Browser automatisch an uns \u00fcbermittelt. Dies sind:<\/p>\n<ul>\n<li>Browsertyp\/ Browserversion<\/li>\n<li>verwendetes Betriebssystem<\/li>\n<li>Referrer URL<\/li>\n<li>Hostname des zugreifenden Rechners<\/li>\n<li>Uhrzeit der Serveranfrage<\/li>\n<\/ul>\n<p>Diese Daten sind nicht bestimmten Personen zuordenbar. Eine Zusammenf\u00fchrung dieser Daten mit anderen Datenquellen wird nicht vorgenommen. Wir behalten uns vor, diese Daten nachtr\u00e4glich zu pr\u00fcfen, wenn uns konkrete Anhaltspunkte f\u00fcr eine rechtswidrige Nutzung bekannt werden.<\/p>\n<p><strong>Kontaktformular<\/strong><br \/>\nWenn Sie uns per Kontaktformular Anfragen zukommen lassen, werden Ihre Angaben aus dem Anfrageformular inklusive der von Ihnen dort angegebenen Kontaktdaten zwecks Bearbeitung der Anfrage und f\u00fcr den Fall von Anschlussfragen bei uns gespeichert. Diese Daten geben wir nicht ohne Ihre Einwilligung weiter.<\/p>\n<p><strong>Widerspruch Werbe-Mails<\/strong><br \/>\nDer Nutzung von im Rahmen der Impressumspflicht ver\u00f6ffentlichten Kontaktdaten zur \u00dcbersendung von nicht ausdr\u00fccklich angeforderter Werbung und Informationsmaterialien wird hiermit widersprochen. Die Betreiber der Seiten behalten sich ausdr\u00fccklich rechtliche Schritte im Falle der unverlangten Zusendung von Werbeinformationen, etwa durch Spam-E-Mails, vor.<\/p>\n<p><strong>Datenschutzbeauftragter<\/strong><br \/>\nSimon Truckenm\u00fcller<\/p>\n<h2 class=\"header-job\"><span class=\"position\">\u00a0<\/span><\/h2>\n<\/div>\n<footer class=\"entry-meta\"><\/footer>\n","protected":false},"excerpt":{"rendered":"<p>1. FC Lauchhau-Lauch\u00e4cker\u00a004 e.V. Hauptstra\u00dfe 170, 70563 Stuttgart-Vaihingen info@fcll04.de Bankverbindung: 1.FC Lauchhau-Lauchaecker 04 BW-Bank Kto.: 1006371 BLZ: 60050101 IBAN: DE68600501010001006371 BIC: SOLADEST600 Alle Rechte an der Homepage liegen beim 1. FC LL 04. F\u00fcr die Inhalte der Homepage sind die Webmaster verantwortlich E-mail an Webmaster:\u00a0 simon.truckenmueller@fcll04.de Kontakt und Ansprechpartner Damen Michael Schegel E-Mail: m.schlegel@fcll04.de JuniorInnen &#8230; <a title=\"Impressum \/ Kontakt \/ Datenschutz\" class=\"read-more\" href=\"https:\/\/wp.fcll04.de\/?page_id=581\" aria-label=\"Mehr Informationen \u00fcber Impressum \/ Kontakt \/ Datenschutz\">Weiterlesen<\/a><\/p>\n","protected":false},"author":2,"featured_media":6509,"parent":0,"menu_order":0,"comment_status":"closed","ping_status":"closed","template":"","meta":{"footnotes":""},"class_list":["post-581","page","type-page","status-publish","has-post-thumbnail"],"_links":{"self":[{"href":"https:\/\/wp.fcll04.de\/index.php?rest_route=\/wp\/v2\/pages\/581","targetHints":{"allow":["GET"]}}],"collection":[{"href":"https:\/\/wp.fcll04.de\/index.php?rest_route=\/wp\/v2\/pages"}],"about":[{"href":"https:\/\/wp.fcll04.de\/index.php?rest_route=\/wp\/v2\/types\/page"}],"author":[{"embeddable":true,"href":"https:\/\/wp.fcll04.de\/index.php?rest_route=\/wp\/v2\/users\/2"}],"replies":[{"embeddable":true,"href":"https:\/\/wp.fcll04.de\/index.php?rest_route=%2Fwp%2Fv2%2Fcomments&post=581"}],"version-history":[{"count":14,"href":"https:\/\/wp.fcll04.de\/index.php?rest_route=\/wp\/v2\/pages\/581\/revisions"}],"predecessor-version":[{"id":11723,"href":"https:\/\/wp.fcll04.de\/index.php?rest_route=\/wp\/v2\/pages\/581\/revisions\/11723"}],"wp:featuredmedia":[{"embeddable":true,"href":"https:\/\/wp.fcll04.de\/index.php?rest_route=\/wp\/v2\/media\/6509"}],"wp:attachment":[{"href":"https:\/\/wp.fcll04.de\/index.php?rest_route=%2Fwp%2Fv2%2Fmedia&parent=581"}],"curies":[{"name":"wp","href":"https:\/\/api.w.org\/{rel}","templated":true}]}}