{"id":745,"date":"2015-09-14T15:08:32","date_gmt":"2015-09-14T15:08:32","guid":{"rendered":"http:\/\/wp.fcll04.de\/?page_id=745"},"modified":"2025-03-22T10:03:11","modified_gmt":"2025-03-22T10:03:11","slug":"platzbelegung-2","status":"publish","type":"page","link":"https:\/\/wp.fcll04.de\/?page_id=745","title":{"rendered":"Belegung"},"content":{"rendered":"<p>Es ist m\u00f6glich, das Funktionsgeb\u00e4ude und Teile des Sportplatzes anzumieten. Unten sind die aktuellen Belegungspl\u00e4ne einzusehen.<br \/>Die Mietpreise f\u00fcr unseren Mannschaftsraum liegen seit 1.9.2018 bei 175 Euro f\u00fcr Mitglieder der Vereine und 200 Euro f\u00fcr Nicht-Mitglieder.<\/p>\n<p>Bei Anfragen: <a href=\"mailto:vermietung@fcll04.de\" target=\"_blank\" rel=\"noopener noreferrer\">vermietung@fcll04.de<\/a><\/p>\n<p><iframe loading=\"lazy\" style=\"border: 0;\" src=\"https:\/\/calendar.google.com\/calendar\/embed?src=16480ec906381a625c3b352270397abd3db33461edb5c9c351d05f3488b5bac6%40group.calendar.google.com&amp;ctz=Europe%2FBerlin\" width=\"800\" height=\"600\" frameborder=\"0\" scrolling=\"no\"><\/iframe><\/p>\n<p><iframe loading=\"lazy\" style=\"border: 0;\" src=\"https:\/\/calendar.google.com\/calendar\/embed?src=04830cffdd6937cef976dc9d766b41f7d04a2d27890aa83e434e162643d72b18%40group.calendar.google.com&amp;ctz=Europe%2FBerlin\" width=\"800\" height=\"600\" frameborder=\"0\" scrolling=\"no\"><\/iframe><\/p>\n<p><iframe loading=\"lazy\" style=\"border: 0;\" src=\"https:\/\/calendar.google.com\/calendar\/embed?src=b7136142de9dfe487d6b993de5a062eefdee8fff6d217d5d3c816d6332851cdd%40group.calendar.google.com&amp;ctz=Europe%2FBerlin\" width=\"800\" height=\"600\" frameborder=\"0\" scrolling=\"no\"><\/iframe><\/p>\n<p><iframe loading=\"lazy\" style=\"border: 0;\" src=\"https:\/\/calendar.google.com\/calendar\/embed?src=fcll04.stuttgart%40gmail.com&amp;ctz=Europe%2FBerlin\" width=\"800\" height=\"600\" frameborder=\"0\" scrolling=\"no\"><\/iframe><\/p>\n\n","protected":false},"excerpt":{"rendered":"<p>Es ist m\u00f6glich, das Funktionsgeb\u00e4ude und Teile des Sportplatzes anzumieten. Unten sind die aktuellen Belegungspl\u00e4ne einzusehen.Die Mietpreise f\u00fcr unseren Mannschaftsraum liegen seit 1.9.2018 bei 175 Euro f\u00fcr Mitglieder der Vereine und 200 Euro f\u00fcr Nicht-Mitglieder. Bei Anfragen: vermietung@fcll04.de<\/p>\n","protected":false},"author":1,"featured_media":4879,"parent":0,"menu_order":0,"comment_status":"closed","ping_status":"closed","template":"","meta":{"footnotes":""},"class_list":["post-745","page","type-page","status-publish","has-post-thumbnail"],"_links":{"self":[{"href":"https:\/\/wp.fcll04.de\/index.php?rest_route=\/wp\/v2\/pages\/745","targetHints":{"allow":["GET"]}}],"collection":[{"href":"https:\/\/wp.fcll04.de\/index.php?rest_route=\/wp\/v2\/pages"}],"about":[{"href":"https:\/\/wp.fcll04.de\/index.php?rest_route=\/wp\/v2\/types\/page"}],"author":[{"embeddable":true,"href":"https:\/\/wp.fcll04.de\/index.php?rest_route=\/wp\/v2\/users\/1"}],"replies":[{"embeddable":true,"href":"https:\/\/wp.fcll04.de\/index.php?rest_route=%2Fwp%2Fv2%2Fcomments&post=745"}],"version-history":[{"count":52,"href":"https:\/\/wp.fcll04.de\/index.php?rest_route=\/wp\/v2\/pages\/745\/revisions"}],"predecessor-version":[{"id":11509,"href":"https:\/\/wp.fcll04.de\/index.php?rest_route=\/wp\/v2\/pages\/745\/revisions\/11509"}],"wp:featuredmedia":[{"embeddable":true,"href":"https:\/\/wp.fcll04.de\/index.php?rest_route=\/wp\/v2\/media\/4879"}],"wp:attachment":[{"href":"https:\/\/wp.fcll04.de\/index.php?rest_route=%2Fwp%2Fv2%2Fmedia&parent=745"}],"curies":[{"name":"wp","href":"https:\/\/api.w.org\/{rel}","templated":true}]}}