{"id":9348,"date":"2021-10-17T19:56:06","date_gmt":"2021-10-17T19:56:06","guid":{"rendered":"https:\/\/wp.fcll04.de\/?page_id=9348"},"modified":"2026-04-13T10:50:03","modified_gmt":"2026-04-13T10:50:03","slug":"portraet-g1-f2-junioren","status":"publish","type":"page","link":"https:\/\/wp.fcll04.de\/?page_id=9348","title":{"rendered":"Teaminfos G-JuniorenInnen (Bambinis)"},"content":{"rendered":"\n<div><strong>Jg. 2019\/2020 (Saison 2025\/2026)<\/strong><\/div>\n<div>\u00a0<\/div>\n<div><strong>Trainingszeiten:<\/strong><\/div>\n<div>Mittwoch 17.00-18.00 Uhr\u00a0 (Kleinspielfeld ganzj\u00e4hrig drau\u00dfen)<\/div>\n<div>\u00a0<\/div>\n<div><strong>Trainer:<\/strong><\/div>\n<div>Guido Wannenmacher<\/div>\n<div>Steffen Frisenborg<\/div>\n<div>Jan Dobberstein<\/div>\n<div>\u00a0<\/div>\n<div><strong>Ansprechpartner:<\/strong><\/div>\n<div>Mail: <a href=\"mailto:Guido.Wannenmacher@fcll04.de\">Guido.Wannenmacher@fcll04.de<\/a><\/div>\n<div>\u00a0<\/div>\n<div><strong>Aktuelles:<\/strong><\/div>\n<div>In der laufenden Saison sind aktuell keine freien Pl\u00e4tze mehr vorhanden. Gerne k\u00f6nnt ihr uns eine <a href=\"mailto:Guido.Wannenmacher@fcll04.de\">Mail<\/a> mit Namen und Geburtstag eures Kindes schicken. Wir f\u00fchren eine Warteliste und evtl. gibt es eine M\u00f6glichkeit zum sp\u00e4teren Start!<\/div>\n<div>Kinder mit dem Jahrgang 2021 starten zur neuen Saison nach den Sommerferien 2026, bitte hier auch vorab per <a href=\"mailto:Guido.Wannenmacher@fcll04.de\">Mail<\/a> kurz melden, mit Namen und Geburtsdatum.<\/div>\n<div>\u00a0<\/div>\n\n\n\n<figure class=\"wp-block-image size-full\"><a href=\"https:\/\/wp.fcll04.de\/wp-content\/uploads\/2024\/12\/Bambinis_2024-1.jpeg\"><img loading=\"lazy\" decoding=\"async\" width=\"1786\" height=\"1175\" src=\"https:\/\/wp.fcll04.de\/wp-content\/uploads\/2024\/12\/Bambinis_2024-1.jpeg\" alt=\"\" class=\"wp-image-11112\" srcset=\"https:\/\/wp.fcll04.de\/wp-content\/uploads\/2024\/12\/Bambinis_2024-1.jpeg 1786w, https:\/\/wp.fcll04.de\/wp-content\/uploads\/2024\/12\/Bambinis_2024-1-300x197.jpeg 300w, https:\/\/wp.fcll04.de\/wp-content\/uploads\/2024\/12\/Bambinis_2024-1-1024x674.jpeg 1024w, https:\/\/wp.fcll04.de\/wp-content\/uploads\/2024\/12\/Bambinis_2024-1-768x505.jpeg 768w, https:\/\/wp.fcll04.de\/wp-content\/uploads\/2024\/12\/Bambinis_2024-1-1536x1011.jpeg 1536w\" sizes=\"auto, (max-width: 1786px) 100vw, 1786px\" \/><\/a><\/figure>\n\n\n\n<p><\/p>\n","protected":false},"excerpt":{"rendered":"<p>Jg. 2019\/2020 (Saison 2025\/2026) \u00a0 Trainingszeiten: Mittwoch 17.00-18.00 Uhr\u00a0 (Kleinspielfeld ganzj\u00e4hrig drau\u00dfen) \u00a0 Trainer: Guido Wannenmacher Steffen Frisenborg Jan Dobberstein \u00a0 Ansprechpartner: Mail: Guido.Wannenmacher@fcll04.de \u00a0 Aktuelles: In der laufenden Saison sind aktuell keine freien Pl\u00e4tze mehr vorhanden. Gerne k\u00f6nnt ihr uns eine Mail mit Namen und Geburtstag eures Kindes schicken. Wir f\u00fchren eine Warteliste und &#8230; <a title=\"Teaminfos G-JuniorenInnen (Bambinis)\" class=\"read-more\" href=\"https:\/\/wp.fcll04.de\/?page_id=9348\" aria-label=\"Mehr Informationen \u00fcber Teaminfos G-JuniorenInnen (Bambinis)\">Weiterlesen<\/a><\/p>\n","protected":false},"author":35,"featured_media":0,"parent":0,"menu_order":0,"comment_status":"closed","ping_status":"closed","template":"","meta":{"footnotes":""},"class_list":["post-9348","page","type-page","status-publish"],"_links":{"self":[{"href":"https:\/\/wp.fcll04.de\/index.php?rest_route=\/wp\/v2\/pages\/9348","targetHints":{"allow":["GET"]}}],"collection":[{"href":"https:\/\/wp.fcll04.de\/index.php?rest_route=\/wp\/v2\/pages"}],"about":[{"href":"https:\/\/wp.fcll04.de\/index.php?rest_route=\/wp\/v2\/types\/page"}],"author":[{"embeddable":true,"href":"https:\/\/wp.fcll04.de\/index.php?rest_route=\/wp\/v2\/users\/35"}],"replies":[{"embeddable":true,"href":"https:\/\/wp.fcll04.de\/index.php?rest_route=%2Fwp%2Fv2%2Fcomments&post=9348"}],"version-history":[{"count":33,"href":"https:\/\/wp.fcll04.de\/index.php?rest_route=\/wp\/v2\/pages\/9348\/revisions"}],"predecessor-version":[{"id":11734,"href":"https:\/\/wp.fcll04.de\/index.php?rest_route=\/wp\/v2\/pages\/9348\/revisions\/11734"}],"wp:attachment":[{"href":"https:\/\/wp.fcll04.de\/index.php?rest_route=%2Fwp%2Fv2%2Fmedia&parent=9348"}],"curies":[{"name":"wp","href":"https:\/\/api.w.org\/{rel}","templated":true}]}}