{"id":9398,"date":"2021-10-25T19:50:22","date_gmt":"2021-10-25T19:50:22","guid":{"rendered":"https:\/\/wp.fcll04.de\/?page_id=9398"},"modified":"2026-03-14T12:37:07","modified_gmt":"2026-03-14T12:37:07","slug":"spieltage","status":"publish","type":"page","link":"https:\/\/wp.fcll04.de\/?page_id=9398","title":{"rendered":"Spieltage G-Junioren\/-innen"},"content":{"rendered":"\n<p>Die j\u00fcngsten Kicker*innen nehmen nicht an den regul\u00e4ren Spieltagen teil, sondern zeigen ihr fu\u00dfballerisches K\u00f6nnen auf dem ein oder anderen Turnier!<\/p>\n","protected":false},"excerpt":{"rendered":"","protected":false},"author":2,"featured_media":0,"parent":0,"menu_order":0,"comment_status":"closed","ping_status":"closed","template":"","meta":{"footnotes":""},"class_list":["post-9398","page","type-page","status-publish"],"_links":{"self":[{"href":"https:\/\/wp.fcll04.de\/index.php?rest_route=\/wp\/v2\/pages\/9398","targetHints":{"allow":["GET"]}}],"collection":[{"href":"https:\/\/wp.fcll04.de\/index.php?rest_route=\/wp\/v2\/pages"}],"about":[{"href":"https:\/\/wp.fcll04.de\/index.php?rest_route=\/wp\/v2\/types\/page"}],"author":[{"embeddable":true,"href":"https:\/\/wp.fcll04.de\/index.php?rest_route=\/wp\/v2\/users\/2"}],"replies":[{"embeddable":true,"href":"https:\/\/wp.fcll04.de\/index.php?rest_route=%2Fwp%2Fv2%2Fcomments&post=9398"}],"version-history":[{"count":4,"href":"https:\/\/wp.fcll04.de\/index.php?rest_route=\/wp\/v2\/pages\/9398\/revisions"}],"predecessor-version":[{"id":11641,"href":"https:\/\/wp.fcll04.de\/index.php?rest_route=\/wp\/v2\/pages\/9398\/revisions\/11641"}],"wp:attachment":[{"href":"https:\/\/wp.fcll04.de\/index.php?rest_route=%2Fwp%2Fv2%2Fmedia&parent=9398"}],"curies":[{"name":"wp","href":"https:\/\/api.w.org\/{rel}","templated":true}]}}